{"id":468,"date":"2025-02-05T14:39:25","date_gmt":"2025-02-05T13:39:25","guid":{"rendered":"https:\/\/stact.at\/?page_id=468"},"modified":"2025-02-19T12:22:57","modified_gmt":"2025-02-19T11:22:57","slug":"vs-seestadt-aspern","status":"publish","type":"page","link":"https:\/\/stact.at\/?page_id=468","title":{"rendered":"VS Seestadt Aspern"},"content":{"rendered":"\n<div class=\"wp-block-group alignfull has-accent-4-background-color has-background has-global-padding is-layout-constrained wp-container-core-group-is-layout-669513ed wp-block-group-is-layout-constrained\" style=\"margin-top:0;margin-bottom:0;padding-top:var(--wp--preset--spacing--50);padding-right:var(--wp--preset--spacing--50);padding-bottom:var(--wp--preset--spacing--50);padding-left:var(--wp--preset--spacing--50)\">\n<div class=\"wp-block-columns alignwide is-layout-flex wp-container-core-columns-is-layout-1da03c2a wp-block-columns-is-layout-flex\">\n<div class=\"wp-block-column is-vertically-aligned-stretch is-layout-flow wp-block-column-is-layout-flow\" style=\"flex-basis:50%\">\n<div class=\"wp-block-group is-vertical is-content-justification-stretch is-layout-flex wp-container-core-group-is-layout-444d5ee8 wp-block-group-is-layout-flex\" style=\"min-height:100%\">\n<p class=\"has-heading-font-family has-large-font-size\" style=\"line-height:1.2\">Am <strong>Bildungscampus Aspern Seestadt<\/strong> lernen behinderte und nichtbehinderte Kinder miteinander und voneinander.&nbsp;Integration und Inklusion&nbsp;sind Schwerpunkte des Bildungscampus \u2013 sowohl im Kindergarten \u2013 als auch im Schulbereich. Wir sind au\u00dferdem eine&nbsp;Expert-PLUS.Schule&nbsp;des&nbsp;Projektes eEducation Austria. Unsere Klassen haben unterschiedliche Schwerpunkte (z.B. Musik, Kreativ, Leonardino Projekt, Bewegtes Lernen, Digital kompetente Klasse).<\/p>\n\n\n\n<div class=\"wp-block-group has-global-padding is-content-justification-left is-layout-constrained wp-container-core-group-is-layout-9fe8ed88 wp-block-group-is-layout-constrained\">\n<p class=\"wp-container-content-0733e5d0\">Bildungscampus Seestadt Aspern<\/p>\n\n\n\n<div class=\"wp-block-buttons is-layout-flex wp-block-buttons-is-layout-flex\">\n<div class=\"wp-block-button\"><a class=\"wp-block-button__link wp-element-button\" href=\"http:\/\/www.campus-seestadt.at\/\">\u00dcber uns<\/a><\/div>\n<\/div>\n<\/div>\n<\/div>\n<\/div>\n\n\n\n<div class=\"wp-block-column is-vertically-aligned-center is-layout-flow wp-block-column-is-layout-flow\" style=\"flex-basis:50%\">\n<figure class=\"wp-block-image size-full is-style-rounded is-style-rounded--1\"><img fetchpriority=\"high\" decoding=\"async\" width=\"1200\" height=\"1600\" src=\"https:\/\/stact.at\/wp-content\/uploads\/2025\/02\/signal-2024-06-01-203844_008-1.jpeg\" alt=\"\" class=\"wp-image-490\" style=\"aspect-ratio:3\/4;object-fit:cover\"\/><\/figure>\n<\/div>\n<\/div>\n<\/div>\n\n\n\n<div class=\"wp-block-group alignfull has-base-background-color has-background has-global-padding is-layout-constrained wp-container-core-group-is-layout-d89aad35 wp-block-group-is-layout-constrained\" style=\"margin-top:0;margin-bottom:0;padding-top:var(--wp--preset--spacing--50);padding-right:var(--wp--preset--spacing--50);padding-bottom:var(--wp--preset--spacing--50);padding-left:var(--wp--preset--spacing--50)\">\n<div class=\"wp-block-columns alignwide is-layout-flex wp-container-core-columns-is-layout-549b0c86 wp-block-columns-is-layout-flex\">\n<div class=\"wp-block-column has-global-padding is-content-justification-left is-layout-constrained wp-container-core-column-is-layout-4f15e8fe wp-block-column-is-layout-constrained\" style=\"flex-basis:40%\">\n<p>Unsere Projekte<\/p>\n\n\n\n<figure class=\"wp-block-image alignwide size-full has-custom-border is-style-rounded is-style-rounded--2\" style=\"margin-top:var(--wp--preset--spacing--10);margin-right:0;margin-bottom:var(--wp--preset--spacing--10);margin-left:0\"><img decoding=\"async\" width=\"2048\" height=\"1536\" src=\"https:\/\/stact.at\/wp-content\/uploads\/2025\/02\/Plakat-1-Zyklus-1.jpg\" alt=\"\" class=\"wp-image-526\" style=\"border-width:1px;border-radius:21px\"\/><figcaption class=\"wp-element-caption\">Gleichberechtigung<\/figcaption><\/figure>\n\n\n\n<figure class=\"wp-block-image size-full has-custom-border is-style-rounded is-style-rounded--3\"><img decoding=\"async\" width=\"2048\" height=\"1536\" src=\"https:\/\/stact.at\/wp-content\/uploads\/2025\/02\/Plakat-2-Zyklus-2.jpg\" alt=\"\" class=\"wp-image-525\" style=\"border-width:1px\"\/><figcaption class=\"wp-element-caption\">Umweltschutz<\/figcaption><\/figure>\n\n\n\n<figure class=\"wp-block-image size-full has-custom-border is-style-rounded is-style-rounded--4\"><img loading=\"lazy\" decoding=\"async\" width=\"2048\" height=\"1536\" src=\"https:\/\/stact.at\/wp-content\/uploads\/2025\/02\/Plakat-3-Zyklus-1.jpg\" alt=\"\" class=\"wp-image-524\" style=\"border-width:1px\"\/><figcaption class=\"wp-element-caption\">Spielzeugtauschb\u00f6rse<\/figcaption><\/figure>\n\n\n\n<figure class=\"wp-block-image size-full has-custom-border is-style-rounded is-style-rounded--5\"><img loading=\"lazy\" decoding=\"async\" width=\"2048\" height=\"1536\" src=\"https:\/\/stact.at\/wp-content\/uploads\/2025\/02\/Plakat-4-Zyklus-1.jpg\" alt=\"\" class=\"wp-image-523\" style=\"border-width:1px\"\/><figcaption class=\"wp-element-caption\">Samenbomben<\/figcaption><\/figure>\n\n\n\n<figure class=\"wp-block-image size-full has-custom-border is-style-rounded is-style-rounded--6\"><img loading=\"lazy\" decoding=\"async\" width=\"2048\" height=\"1536\" src=\"https:\/\/stact.at\/wp-content\/uploads\/2025\/02\/Plakat-5-Zyklus-1.jpg\" alt=\"\" class=\"wp-image-522\" style=\"border-width:1px\"\/><figcaption class=\"wp-element-caption\">Bewegungsvideos<\/figcaption><\/figure>\n<\/div>\n\n\n\n<div class=\"wp-block-column is-layout-flow wp-container-core-column-is-layout-119bc444 wp-block-column-is-layout-flow\" style=\"flex-basis:60%\">\n<p class=\"has-heading-font-family has-large-font-size\" style=\"line-height:1.2\">Forschungszyklus 1<\/p>\n\n\n\n<p>In Forschungszyklus 1 haben sich die Sch\u00fcler*innen der Piratenklasse mit jenen Themen auseinander gesetzt, die sie in ihrem t\u00e4glichen Leben besch\u00e4ftigen. Durch die gemeinsame Auseinandersetzung mit den Themen, die sie bewegen, konnten sich f\u00fcnf Gruppen bilden, die sich mit folgenden Themen bzw. Forschungsfragen besch\u00e4ftigt haben:<\/p>\n\n\n\n<ul class=\"wp-block-list is-style-default has-accent-4-background-color has-background\">\n<li><strong>Gleichberechtigung:<\/strong> <em>&#8222;Wie k\u00f6nnen wir zeigen, dass Buben und M\u00e4dchen die gleichen Sachen machen k\u00f6nnen?&#8220;<\/em><\/li>\n\n\n\n<li><strong>Umweltschutz:<\/strong> <em>&#8222;Wie k\u00f6nnen wir anderen zeigen, dass wir das Klima retten wollen?&#8220;<\/em><\/li>\n\n\n\n<li><strong>Spielzeugtauschb\u00f6rse:<\/strong> <em>&#8222;Was machen wir mit unserem alten Spielzeug?&#8220;<\/em><\/li>\n\n\n\n<li><strong>Samenbomben:<\/strong> <em>&#8222;Was k\u00f6nnen wir tun, damit in der Seestadt mehr Blumen wachsen?&#8220;<\/em><\/li>\n\n\n\n<li><strong>Bewegungsvideos: <\/strong><em>&#8222;Was k\u00f6nnen wir machen, damit sich Kinder mehr bewegen?&#8220;<\/em><\/li>\n<\/ul>\n\n\n\n<div class=\"wp-block-columns is-layout-flex wp-container-core-columns-is-layout-87beb0d0 wp-block-columns-is-layout-flex\">\n<div class=\"wp-block-column is-layout-flow wp-block-column-is-layout-flow\">\n<div class=\"wp-block-columns is-layout-flex wp-container-core-columns-is-layout-28f84493 wp-block-columns-is-layout-flex\">\n<div class=\"wp-block-column is-layout-flow wp-block-column-is-layout-flow\">\n<p>Nach der Formulierung der Forschungsfragen starteten die Kinder auch schon mit der Umsetzung ihrer Ideen.<\/p>\n\n\n\n<div style=\"height:30px\" aria-hidden=\"true\" class=\"wp-block-spacer\"><\/div>\n\n\n\n<p>Durch die Kreativit\u00e4t der Kinder und den Freiheiten die ihnen bei der Umsetzung ihrer Ideen gegeben wurde, konnten sich die Sch\u00fcler*innen frei entfalten.<\/p>\n\n\n\n<div style=\"height:30px\" aria-hidden=\"true\" class=\"wp-block-spacer\"><\/div>\n\n\n\n<p>Am Ende von Forschungszyklus 1 entstanden somit Videos, die die Kinder animieren soll, sich mehr zu bewegen und Videos, die zeigen wie wichtig Gleichberechtigung ist. Zudem wurde eine Spielzeugtauschb\u00f6rse auf dem Padlet eingerichtet. Um die Themen der Nachhaltigkeit und des Umweltschutzes zu behandeln, wurden Schablonen zum Bedrucken von Taschen designt und Samenbomben hergestellt.<\/p>\n\n\n\n<div style=\"height:30px\" aria-hidden=\"true\" class=\"wp-block-spacer\"><\/div>\n\n\n\n<p>Am Ende von Forschungszyklus 1 gab es eine gro\u00dfe Pr\u00e4sentation an der PH Wien. In Forschungszyklus 2 wird an den Projekten mit besonderer Ber\u00fccksichtigung der <strong>Diversit\u00e4tsdimensionen<\/strong>\u00a0weitergearbeitet.<\/p>\n<\/div>\n<\/div>\n<\/div>\n<\/div>\n<\/div>\n<\/div>\n<\/div>\n","protected":false},"excerpt":{"rendered":"<p>Am Bildungscampus Aspern Seestadt lernen behinderte und nichtbehinderte Kinder miteinander und voneinander.&nbsp;Integration und Inklusion&nbsp;sind Schwerpunkte des Bildungscampus \u2013 sowohl im Kindergarten \u2013 als auch im Schulbereich. Wir sind au\u00dferdem eine&nbsp;Expert-PLUS.Schule&nbsp;des&nbsp;Projektes eEducation Austria. Unsere Klassen haben unterschiedliche Schwerpunkte (z.B. Musik, Kreativ, Leonardino Projekt, Bewegtes Lernen, Digital kompetente Klasse). Bildungscampus Seestadt Aspern Unsere Projekte Forschungszyklus 1 In [&hellip;]<\/p>\n","protected":false},"author":2,"featured_media":0,"parent":0,"menu_order":0,"comment_status":"closed","ping_status":"closed","template":"","meta":{"footnotes":""},"class_list":["post-468","page","type-page","status-publish","hentry"],"_links":{"self":[{"href":"https:\/\/stact.at\/index.php?rest_route=\/wp\/v2\/pages\/468","targetHints":{"allow":["GET"]}}],"collection":[{"href":"https:\/\/stact.at\/index.php?rest_route=\/wp\/v2\/pages"}],"about":[{"href":"https:\/\/stact.at\/index.php?rest_route=\/wp\/v2\/types\/page"}],"author":[{"embeddable":true,"href":"https:\/\/stact.at\/index.php?rest_route=\/wp\/v2\/users\/2"}],"replies":[{"embeddable":true,"href":"https:\/\/stact.at\/index.php?rest_route=%2Fwp%2Fv2%2Fcomments&post=468"}],"version-history":[{"count":7,"href":"https:\/\/stact.at\/index.php?rest_route=\/wp\/v2\/pages\/468\/revisions"}],"predecessor-version":[{"id":527,"href":"https:\/\/stact.at\/index.php?rest_route=\/wp\/v2\/pages\/468\/revisions\/527"}],"wp:attachment":[{"href":"https:\/\/stact.at\/index.php?rest_route=%2Fwp%2Fv2%2Fmedia&parent=468"}],"curies":[{"name":"wp","href":"https:\/\/api.w.org\/{rel}","templated":true}]}}