{"id":52,"date":"2023-11-10T17:03:28","date_gmt":"2023-11-10T16:03:28","guid":{"rendered":"https:\/\/stact.at\/?page_id=52"},"modified":"2025-11-22T14:10:00","modified_gmt":"2025-11-22T13:10:00","slug":"team","status":"publish","type":"page","link":"https:\/\/stact.at\/?page_id=52","title":{"rendered":"Team"},"content":{"rendered":"\n<div class=\"wp-block-group alignwide has-global-padding is-layout-constrained wp-container-core-group-is-layout-669513ed wp-block-group-is-layout-constrained\" style=\"margin-top:0;margin-bottom:0;padding-top:var(--wp--preset--spacing--50);padding-right:var(--wp--preset--spacing--50);padding-bottom:var(--wp--preset--spacing--50);padding-left:var(--wp--preset--spacing--50)\">\n<div style=\"height:20px\" aria-hidden=\"true\" class=\"wp-block-spacer\"><\/div>\n\n\n\n<h2 class=\"wp-block-heading has-text-align-center\">Konsortialpartner*innen<\/h2>\n\n\n\n<div class=\"wp-block-group is-nowrap is-layout-flex wp-container-core-group-is-layout-6c531013 wp-block-group-is-layout-flex\">\n<div class=\"wp-block-columns is-layout-flex wp-container-core-columns-is-layout-28f84493 wp-block-columns-is-layout-flex\">\n<div class=\"wp-block-column is-layout-flow wp-block-column-is-layout-flow\">\n<div style=\"height:25px\" aria-hidden=\"true\" class=\"wp-block-spacer\"><\/div>\n\n\n\n<p>Das Projekt \u00bbStAct\u00ab wird von den folgenden Projektpartner*innen umgesetzt:<\/p>\n\n\n\n<div style=\"height:40px\" aria-hidden=\"true\" class=\"wp-block-spacer\"><\/div>\n<\/div>\n<\/div>\n<\/div>\n\n\n\n<div class=\"wp-block-columns alignwide is-layout-flex wp-container-core-columns-is-layout-4935966c wp-block-columns-is-layout-flex\" style=\"padding-right:0;padding-left:0\">\n<div class=\"wp-block-column is-layout-flow wp-block-column-is-layout-flow\">\n<figure class=\"wp-block-image size-full is-style-rounded is-style-rounded--1\"><img fetchpriority=\"high\" decoding=\"async\" width=\"768\" height=\"993\" src=\"https:\/\/stact.at\/wp-content\/uploads\/2023\/11\/rebauer-scaled-e1675441102466-1-768x993-1.jpeg\" alt=\"\" class=\"wp-image-169\" style=\"aspect-ratio:1;object-fit:cover\" srcset=\"https:\/\/stact.at\/wp-content\/uploads\/2023\/11\/rebauer-scaled-e1675441102466-1-768x993-1.jpeg 768w, https:\/\/stact.at\/wp-content\/uploads\/2023\/11\/rebauer-scaled-e1675441102466-1-768x993-1-232x300.jpeg 232w\" sizes=\"(max-width: 768px) 100vw, 768px\" \/><\/figure>\n\n\n\n<div class=\"wp-block-group is-vertical is-content-justification-center is-nowrap is-layout-flex wp-container-core-group-is-layout-21d4e958 wp-block-group-is-layout-flex\">\n<p class=\"has-text-align-center has-small-font-size\"> Mag. Dr. <strong>Reinhard Bauer<\/strong>, MA<\/p>\n\n\n\n<p class=\"has-text-align-center has-small-font-size\">Projektleitung (Konsortialf\u00fchrung)<br>PH Wien, Institut Sekundarstufe Berufsbildung<\/p>\n<\/div>\n<\/div>\n\n\n\n<div class=\"wp-block-column is-layout-flow wp-block-column-is-layout-flow\">\n<figure class=\"wp-block-image size-full is-style-rounded is-style-rounded--2\"><img decoding=\"async\" width=\"299\" height=\"323\" src=\"https:\/\/stact.at\/wp-content\/uploads\/2023\/11\/Dworschak-Portratifoto.jpg\" alt=\"\" class=\"wp-image-265\" style=\"aspect-ratio:1;object-fit:cover\" srcset=\"https:\/\/stact.at\/wp-content\/uploads\/2023\/11\/Dworschak-Portratifoto.jpg 299w, https:\/\/stact.at\/wp-content\/uploads\/2023\/11\/Dworschak-Portratifoto-278x300.jpg 278w\" sizes=\"(max-width: 299px) 100vw, 299px\" \/><\/figure>\n\n\n\n<div class=\"wp-block-group is-vertical is-content-justification-center is-nowrap is-layout-flex wp-container-core-group-is-layout-63bfd6c1 wp-block-group-is-layout-flex\">\n<p class=\"has-text-align-center has-small-font-size\"><strong>Karoline Frank<\/strong><br><strong>(<\/strong>geb. <strong>Dworschak<\/strong>), BEd MA MA<\/p>\n\n\n\n<p class=\"has-text-align-center has-small-font-size\">P\u00e4dagogische Mitarbeiterin<br>PH Wien, Institut Weiterbildung<br><\/p>\n<\/div>\n<\/div>\n\n\n\n<div class=\"wp-block-column is-layout-flow wp-block-column-is-layout-flow\">\n<figure class=\"wp-block-image size-full is-style-rounded is-style-rounded--3\"><img decoding=\"async\" width=\"229\" height=\"300\" src=\"https:\/\/stact.at\/wp-content\/uploads\/2024\/09\/albert-1-229x300-1.webp\" alt=\"\" class=\"wp-image-426\" style=\"aspect-ratio:1;object-fit:cover\"\/><\/figure>\n\n\n\n<div class=\"wp-block-group is-vertical is-content-justification-center is-nowrap is-layout-flex wp-container-core-group-is-layout-63bfd6c1 wp-block-group-is-layout-flex\">\n<p class=\"has-text-align-center has-small-font-size\">Mag.a Dr.in <strong>Sabine Albert<\/strong>, BEd MA<\/p>\n\n\n\n<p class=\"has-text-align-center has-small-font-size\">P\u00e4dagogischer Mitarbeiterin<br>PH Wien, Institut Sekundarstufe Berufsbildung<\/p>\n<\/div>\n<\/div>\n\n\n\n<div class=\"wp-block-column is-layout-flow wp-block-column-is-layout-flow\">\n<figure class=\"wp-block-image size-full is-resized is-style-rounded is-style-rounded--4\"><img loading=\"lazy\" decoding=\"async\" width=\"576\" height=\"768\" src=\"https:\/\/stact.at\/wp-content\/uploads\/2023\/12\/signal-2023-12-01-161607_002.jpeg\" alt=\"\" class=\"wp-image-279\" style=\"aspect-ratio:1;object-fit:cover;width:238px;height:auto\" srcset=\"https:\/\/stact.at\/wp-content\/uploads\/2023\/12\/signal-2023-12-01-161607_002.jpeg 576w, https:\/\/stact.at\/wp-content\/uploads\/2023\/12\/signal-2023-12-01-161607_002-225x300.jpeg 225w\" sizes=\"(max-width: 576px) 100vw, 576px\" \/><\/figure>\n\n\n\n<div class=\"wp-block-group is-vertical is-content-justification-center is-nowrap is-layout-flex wp-container-core-group-is-layout-21d4e958 wp-block-group-is-layout-flex\">\n<p class=\"has-text-align-center has-small-font-size\">Dipl.-P\u00e4d.in Mag.a Dr.in<br><strong>Charlotte Lang<\/strong> <\/p>\n\n\n\n<p class=\"has-text-align-center has-small-font-size\">Wissenschaftliche Mitarbeiterin<br>PH Wien, Institut Sekundarstufe Berufsbildung<\/p>\n<\/div>\n<\/div>\n<\/div>\n<\/div>\n\n\n\n<div class=\"wp-block-group alignwide has-global-padding is-layout-constrained wp-container-core-group-is-layout-669513ed wp-block-group-is-layout-constrained\" style=\"margin-top:0;margin-bottom:0;padding-top:var(--wp--preset--spacing--50);padding-right:var(--wp--preset--spacing--50);padding-bottom:var(--wp--preset--spacing--50);padding-left:var(--wp--preset--spacing--50)\">\n<div style=\"height:0px\" aria-hidden=\"true\" class=\"wp-block-spacer\"><\/div>\n\n\n\n<div class=\"wp-block-columns alignwide is-layout-flex wp-container-core-columns-is-layout-4935966c wp-block-columns-is-layout-flex\" style=\"padding-right:0;padding-left:0\">\n<div class=\"wp-block-column is-layout-flow wp-block-column-is-layout-flow\">\n<figure class=\"wp-block-image size-full is-resized is-style-rounded is-style-rounded--5\"><img loading=\"lazy\" decoding=\"async\" width=\"1693\" height=\"1984\" src=\"https:\/\/stact.at\/wp-content\/uploads\/2023\/11\/IMG_3200-zug-scaled-e1701019068582.jpg\" alt=\"\" class=\"wp-image-267\" style=\"aspect-ratio:1;object-fit:cover;width:239px;height:auto\" srcset=\"https:\/\/stact.at\/wp-content\/uploads\/2023\/11\/IMG_3200-zug-scaled-e1701019068582.jpg 1693w, https:\/\/stact.at\/wp-content\/uploads\/2023\/11\/IMG_3200-zug-scaled-e1701019068582-256x300.jpg 256w, https:\/\/stact.at\/wp-content\/uploads\/2023\/11\/IMG_3200-zug-scaled-e1701019068582-874x1024.jpg 874w, https:\/\/stact.at\/wp-content\/uploads\/2023\/11\/IMG_3200-zug-scaled-e1701019068582-768x900.jpg 768w, https:\/\/stact.at\/wp-content\/uploads\/2023\/11\/IMG_3200-zug-scaled-e1701019068582-1311x1536.jpg 1311w\" sizes=\"(max-width: 1693px) 100vw, 1693px\" \/><\/figure>\n\n\n\n<div class=\"wp-block-group is-vertical is-content-justification-center is-nowrap is-layout-flex wp-container-core-group-is-layout-21d4e958 wp-block-group-is-layout-flex\">\n<p class=\"has-text-align-center has-small-font-size\"> Dipl.-P\u00e4d. Dipl.-Oec. Dr.<br><strong>Christian Rudloff<\/strong>, BEd MA MBA <\/p>\n\n\n\n<p class=\"has-text-align-center has-small-font-size\">Wissenschaftlicher Mitarbeiter<br>PH Wien, Institut Primarstufenausbildung<\/p>\n<\/div>\n<\/div>\n\n\n\n<div class=\"wp-block-column is-layout-flow wp-block-column-is-layout-flow\">\n<figure class=\"wp-block-image size-full is-style-rounded is-style-rounded--6\"><img loading=\"lazy\" decoding=\"async\" width=\"1034\" height=\"1034\" src=\"https:\/\/stact.at\/wp-content\/uploads\/2023\/11\/Sabine.jpg\" alt=\"\" class=\"wp-image-173\" style=\"aspect-ratio:1;object-fit:cover\" srcset=\"https:\/\/stact.at\/wp-content\/uploads\/2023\/11\/Sabine.jpg 1034w, https:\/\/stact.at\/wp-content\/uploads\/2023\/11\/Sabine-300x300.jpg 300w, https:\/\/stact.at\/wp-content\/uploads\/2023\/11\/Sabine-1024x1024.jpg 1024w, https:\/\/stact.at\/wp-content\/uploads\/2023\/11\/Sabine-150x150.jpg 150w, https:\/\/stact.at\/wp-content\/uploads\/2023\/11\/Sabine-768x768.jpg 768w\" sizes=\"(max-width: 1034px) 100vw, 1034px\" \/><\/figure>\n\n\n\n<div class=\"wp-block-group is-vertical is-content-justification-center is-nowrap is-layout-flex wp-container-core-group-is-layout-63bfd6c1 wp-block-group-is-layout-flex\">\n<p class=\"has-text-align-center has-small-font-size\"> Mag.a Dr.in <strong>Sabine Zauchner, <\/strong>MSc <\/p>\n\n\n\n<p class=\"has-text-align-center has-small-font-size\">Wissenschaftliche Mitarbeiterin<br>MOVES &#8211; Zentrum f\u00fcr Gender und Diversit\u00e4t<\/p>\n<\/div>\n<\/div>\n\n\n\n<div class=\"wp-block-column is-layout-flow wp-block-column-is-layout-flow\">\n<figure class=\"wp-block-image size-full is-style-rounded is-style-rounded--7\"><img loading=\"lazy\" decoding=\"async\" width=\"300\" height=\"300\" src=\"https:\/\/stact.at\/wp-content\/uploads\/2023\/11\/christof_baum_3_sw_600x600-300x300-1.jpg\" alt=\"\" class=\"wp-image-175\" style=\"aspect-ratio:1;object-fit:cover\" srcset=\"https:\/\/stact.at\/wp-content\/uploads\/2023\/11\/christof_baum_3_sw_600x600-300x300-1.jpg 300w, https:\/\/stact.at\/wp-content\/uploads\/2023\/11\/christof_baum_3_sw_600x600-300x300-1-150x150.jpg 150w\" sizes=\"(max-width: 300px) 100vw, 300px\" \/><\/figure>\n\n\n\n<div class=\"wp-block-group is-vertical is-content-justification-center is-nowrap is-layout-flex wp-container-core-group-is-layout-63bfd6c1 wp-block-group-is-layout-flex\">\n<p class=\"has-text-align-center has-small-font-size\"> <strong>Christof Baum<\/strong> <\/p>\n\n\n\n<p class=\"has-text-align-center has-small-font-size\">Projektmitarbeiter<br>Otelo eGen<\/p>\n<\/div>\n<\/div>\n\n\n\n<div class=\"wp-block-column is-layout-flow wp-block-column-is-layout-flow\">\n<figure class=\"wp-block-image size-full is-style-rounded is-style-rounded--8\"><img loading=\"lazy\" decoding=\"async\" width=\"300\" height=\"280\" src=\"https:\/\/stact.at\/wp-content\/uploads\/2023\/11\/PM_christoph_sw-300x280-1.jpg\" alt=\"\" class=\"wp-image-174\" style=\"aspect-ratio:1;object-fit:cover\"\/><\/figure>\n\n\n\n<div class=\"wp-block-group is-vertical is-content-justification-center is-nowrap is-layout-flex wp-container-core-group-is-layout-21d4e958 wp-block-group-is-layout-flex\">\n<p class=\"has-text-align-center has-small-font-size\"> <strong>Christoph Blank \u2013 Landeshammer<\/strong> <\/p>\n\n\n\n<p class=\"has-text-align-center has-small-font-size\">Projektmitarbeiter (Technik), Otelo eGen<\/p>\n<\/div>\n<\/div>\n<\/div>\n<\/div>\n\n\n\n<div class=\"wp-block-group alignwide has-global-padding is-layout-constrained wp-container-core-group-is-layout-669513ed wp-block-group-is-layout-constrained\" style=\"margin-top:0;margin-bottom:0;padding-top:var(--wp--preset--spacing--50);padding-right:var(--wp--preset--spacing--50);padding-bottom:var(--wp--preset--spacing--50);padding-left:var(--wp--preset--spacing--50)\">\n<div style=\"height:0px\" aria-hidden=\"true\" class=\"wp-block-spacer\"><\/div>\n\n\n\n<div class=\"wp-block-columns alignwide is-layout-flex wp-container-core-columns-is-layout-4935966c wp-block-columns-is-layout-flex\" style=\"padding-right:0;padding-left:0\">\n<div class=\"wp-block-column is-layout-flow wp-block-column-is-layout-flow\">\n<figure class=\"wp-block-image size-full is-style-rounded is-style-rounded--9\"><img loading=\"lazy\" decoding=\"async\" width=\"300\" height=\"300\" src=\"https:\/\/stact.at\/wp-content\/uploads\/2023\/11\/MAGU-sq-600x601-1-300x300-1.jpg\" alt=\"\" class=\"wp-image-179\" style=\"aspect-ratio:1;object-fit:cover\" srcset=\"https:\/\/stact.at\/wp-content\/uploads\/2023\/11\/MAGU-sq-600x601-1-300x300-1.jpg 300w, https:\/\/stact.at\/wp-content\/uploads\/2023\/11\/MAGU-sq-600x601-1-300x300-1-150x150.jpg 150w\" sizes=\"(max-width: 300px) 100vw, 300px\" \/><\/figure>\n\n\n\n<div class=\"wp-block-group is-vertical is-content-justification-center is-nowrap is-layout-flex wp-container-core-group-is-layout-21d4e958 wp-block-group-is-layout-flex\">\n<p class=\"has-text-align-center has-small-font-size\"> Mag.a <strong>Marianne Gugler<\/strong>, MCD <\/p>\n\n\n\n<p class=\"has-text-align-center has-small-font-size\">P\u00e4dagogische Mitarbeiterin<br>Otelo eGen<\/p>\n<\/div>\n<\/div>\n\n\n\n<div class=\"wp-block-column is-layout-flow wp-block-column-is-layout-flow\">\n<figure class=\"wp-block-image size-full is-style-rounded is-style-rounded--10\"><img loading=\"lazy\" decoding=\"async\" width=\"300\" height=\"300\" src=\"https:\/\/stact.at\/wp-content\/uploads\/2023\/11\/Martin_Hollinetz_600x600-1-300x300-1.jpg\" alt=\"\" class=\"wp-image-181\" style=\"aspect-ratio:1;object-fit:cover\" srcset=\"https:\/\/stact.at\/wp-content\/uploads\/2023\/11\/Martin_Hollinetz_600x600-1-300x300-1.jpg 300w, https:\/\/stact.at\/wp-content\/uploads\/2023\/11\/Martin_Hollinetz_600x600-1-300x300-1-150x150.jpg 150w\" sizes=\"(max-width: 300px) 100vw, 300px\" \/><\/figure>\n\n\n\n<div class=\"wp-block-group is-vertical is-content-justification-center is-nowrap is-layout-flex wp-container-core-group-is-layout-63bfd6c1 wp-block-group-is-layout-flex\">\n<p class=\"has-text-align-center has-small-font-size\"> <strong>Martin Hollinetz <\/strong><\/p>\n\n\n\n<p class=\"has-text-align-center has-small-font-size\">P\u00e4dagogischer Mitarbeiter<br>Otelo eGen<\/p>\n<\/div>\n<\/div>\n\n\n\n<div class=\"wp-block-column is-layout-flow wp-block-column-is-layout-flow\">\n<figure class=\"wp-block-image size-full is-style-rounded is-style-rounded--11\"><img loading=\"lazy\" decoding=\"async\" width=\"300\" height=\"300\" src=\"https:\/\/stact.at\/wp-content\/uploads\/2023\/11\/Portraits-Maria-Rockvam_001_cMichaelKoerner-300x300-1.jpg\" alt=\"\" class=\"wp-image-182\" style=\"aspect-ratio:1;object-fit:cover\" srcset=\"https:\/\/stact.at\/wp-content\/uploads\/2023\/11\/Portraits-Maria-Rockvam_001_cMichaelKoerner-300x300-1.jpg 300w, https:\/\/stact.at\/wp-content\/uploads\/2023\/11\/Portraits-Maria-Rockvam_001_cMichaelKoerner-300x300-1-150x150.jpg 150w\" sizes=\"(max-width: 300px) 100vw, 300px\" \/><\/figure>\n\n\n\n<div class=\"wp-block-group is-vertical is-content-justification-center is-nowrap is-layout-flex wp-container-core-group-is-layout-63bfd6c1 wp-block-group-is-layout-flex\">\n<p class=\"has-text-align-center has-small-font-size\"> Mag.a (FH) <strong>Maria Rockvam<\/strong><\/p>\n\n\n\n<p class=\"has-text-align-center has-small-font-size\">Design und Entwicklung<br>Otelo eGen<\/p>\n<\/div>\n<\/div>\n\n\n\n<div class=\"wp-block-column is-layout-flow wp-block-column-is-layout-flow\">\n<div class=\"wp-block-group is-vertical is-content-justification-center is-nowrap is-layout-flex wp-container-core-group-is-layout-21d4e958 wp-block-group-is-layout-flex\">\n<p class=\"has-text-align-center has-small-font-size\"><\/p>\n\n\n\n<p class=\"has-text-align-center has-small-font-size\"><\/p>\n<\/div>\n<\/div>\n<\/div>\n<\/div>\n\n\n\n<h2 class=\"wp-block-heading has-text-align-center\">Partnerschulen<\/h2>\n\n\n\n<div style=\"height:25px\" aria-hidden=\"true\" class=\"wp-block-spacer\"><\/div>\n\n\n\n<p class=\"has-text-align-center\">Das StAct-Konzept wird gemeinsam mit Sch\u00fcler*innen und Lehrpersonen der folgenden Partnerschulen pilotiert:<\/p>\n\n\n\n<div style=\"height:25px\" aria-hidden=\"true\" class=\"wp-block-spacer\"><\/div>\n\n\n\n<div class=\"wp-block-columns alignwide is-layout-flex wp-container-core-columns-is-layout-d2da2050 wp-block-columns-is-layout-flex\" style=\"margin-bottom:0\">\n<div class=\"wp-block-column has-text-color has-background has-link-color wp-elements-bdf68ca6d0dacacc50a64055fb642f95 is-layout-flow wp-block-column-is-layout-flow\" style=\"color:#000000;background-color:#ffe97d;padding-top:2em;padding-right:2em;padding-bottom:2em;padding-left:2em\">\n<h2 class=\"wp-block-heading\" id=\"single\" style=\"font-size:clamp(24.034px, 1.502rem + ((1vw - 3.2px) * 1.663), 40px);\"><strong>VS Seestadt<\/strong> <strong>Aspern<\/strong><\/h2>\n\n\n\n<p class=\"has-normal-font-size\" style=\"line-height:1.5\"><strong>Bildungscampus Seestadt Aspern Volksschule und Sonderschule f\u00fcr k\u00f6rperbehinderte Kinder <\/strong><\/p>\n\n\n\n<hr class=\"wp-block-separator has-text-color has-css-opacity has-background is-style-wide\" style=\"background-color:#000000;color:#000000\"\/>\n\n\n\n<p style=\"font-size:clamp(14px, 0.875rem + ((1vw - 3.2px) * 0.208), 16px);\">Hannah-Arendt-Platz 8<\/p>\n\n\n\n<p style=\"font-size:clamp(14px, 0.875rem + ((1vw - 3.2px) * 0.208), 16px);\">1220 Wien<\/p>\n\n\n\n<p style=\"font-size:clamp(14px, 0.875rem + ((1vw - 3.2px) * 0.208), 16px);\">SKZ: 922361<\/p>\n\n\n\n<div class=\"wp-block-buttons alignfull is-horizontal is-content-justification-center is-layout-flex wp-container-core-buttons-is-layout-03627597 wp-block-buttons-is-layout-flex\">\n<div class=\"wp-block-button has-custom-width wp-block-button__width-100\"><a class=\"wp-block-button__link has-white-color has-text-color has-background no-border-radius wp-element-button\" href=\"https:\/\/www.campus-seestadt.at\/\" style=\"background-color:#000000\">Website<\/a><\/div>\n<\/div>\n<\/div>\n\n\n\n<div class=\"wp-block-column has-text-color has-background has-link-color wp-elements-7f8a08f77a0083f9ef9636b08d3c7195 is-layout-flow wp-block-column-is-layout-flow\" style=\"color:#000000;background-color:#d1d1e1;padding-top:2em;padding-right:2em;padding-bottom:2em;padding-left:2em\">\n<h2 class=\"wp-block-heading\" id=\"family\" style=\"font-size:clamp(24.034px, 1.502rem + ((1vw - 3.2px) * 1.663), 40px);\"><strong>MSi Geblergasse<\/strong><\/h2>\n\n\n\n<p class=\"has-normal-font-size\" style=\"line-height:1.5\"><strong>College Hernals, Mittelschule<\/strong><br><br><br><\/p>\n\n\n\n<hr class=\"wp-block-separator has-css-opacity is-style-wide\"\/>\n\n\n\n<p style=\"font-size:clamp(14px, 0.875rem + ((1vw - 3.2px) * 0.208), 16px);\">Geblergasse 29-31<br>1170 Wien<\/p>\n\n\n\n<p style=\"font-size:clamp(14px, 0.875rem + ((1vw - 3.2px) * 0.208), 16px);\">SKZ: 917022<\/p>\n\n\n\n<div class=\"wp-block-buttons alignfull is-horizontal is-content-justification-center is-layout-flex wp-container-core-buttons-is-layout-03627597 wp-block-buttons-is-layout-flex\">\n<div class=\"wp-block-button has-custom-width wp-block-button__width-100 is-style-fill\"><a class=\"wp-block-button__link has-white-color has-text-color has-background no-border-radius wp-element-button\" href=\"https:\/\/collegehernals.schule.wien.at\/\" style=\"background-color:#000000\">Website<\/a><\/div>\n<\/div>\n<\/div>\n\n\n\n<div class=\"wp-block-column has-text-color has-background has-link-color wp-elements-129bbdd895f1840cc3ccf30f62e2c715 is-layout-flow wp-block-column-is-layout-flow\" style=\"color:#000000;background-color:#c0ebf1;padding-top:2em;padding-right:2em;padding-bottom:2em;padding-left:2em\">\n<h2 class=\"wp-block-heading\" id=\"patron\" style=\"font-size:clamp(24.034px, 1.502rem + ((1vw - 3.2px) * 1.663), 40px);\"><strong>HTL Spengergasse<\/strong><\/h2>\n\n\n\n<p class=\"has-normal-font-size\"><strong>H\u00f6here Technische Bundeslehr- und Versuchsanstalt f\u00fcr Textilindustrie und Informatik<\/strong><\/p>\n\n\n\n<hr class=\"wp-block-separator has-css-opacity is-style-wide\"\/>\n\n\n\n<p style=\"font-size:clamp(14px, 0.875rem + ((1vw - 3.2px) * 0.208), 16px);\">Spengergasse 20<br>1050 Wien<br>SKZ: 905417<\/p>\n\n\n\n<div class=\"wp-block-buttons alignfull is-horizontal is-content-justification-center is-layout-flex wp-container-core-buttons-is-layout-03627597 wp-block-buttons-is-layout-flex\">\n<div class=\"wp-block-button has-custom-width wp-block-button__width-100 is-style-fill\"><a class=\"wp-block-button__link has-white-color has-text-color has-background has-small-font-size no-border-radius has-custom-font-size wp-element-button\" href=\"https:\/\/www.spengergasse.at\/\" style=\"background-color:#000000\">Website<\/a><\/div>\n<\/div>\n<\/div>\n<\/div>\n\n\n\n<div style=\"height:23px\" aria-hidden=\"true\" class=\"wp-block-spacer\"><\/div>\n\n\n\n<div class=\"wp-block-columns alignwide is-layout-flex wp-container-core-columns-is-layout-d2da2050 wp-block-columns-is-layout-flex\" style=\"margin-bottom:0\">\n<div class=\"wp-block-column has-text-color has-background has-link-color wp-elements-5d1d079276e1d50963eb3c1d50291851 is-layout-flow wp-block-column-is-layout-flow\" style=\"color:#000000;background-color:#ffe97d;padding-top:2em;padding-right:2em;padding-bottom:2em;padding-left:2em\">\n<h2 class=\"wp-block-heading\" id=\"single\" style=\"font-size:clamp(24.034px, 1.502rem + ((1vw - 3.2px) * 1.663), 40px);\"><strong>GTVS Hahngasse<\/strong><\/h2>\n\n\n\n<p class=\"has-normal-font-size\" style=\"line-height:1.5\"><strong>Ganztagsvolksschule, Schulkompetenz-zentrum f\u00fcr Pr\u00e4vention, Inklusion und Rehabilitation<\/strong><\/p>\n\n\n\n<hr class=\"wp-block-separator has-text-color has-css-opacity has-background is-style-wide\" style=\"background-color:#000000;color:#000000\"\/>\n\n\n\n<p style=\"font-size:clamp(14px, 0.875rem + ((1vw - 3.2px) * 0.208), 16px);\">Hahngasse 35<br>1090 Wien<\/p>\n\n\n\n<p style=\"font-size:clamp(14px, 0.875rem + ((1vw - 3.2px) * 0.208), 16px);\">SKZ: 909013<\/p>\n\n\n\n<div class=\"wp-block-buttons alignfull is-horizontal is-content-justification-center is-layout-flex wp-container-core-buttons-is-layout-03627597 wp-block-buttons-is-layout-flex\">\n<div class=\"wp-block-button has-custom-width wp-block-button__width-100\"><a class=\"wp-block-button__link has-white-color has-text-color has-background no-border-radius wp-element-button\" href=\"https:\/\/hahngasse.schule.wien.at\/\" style=\"background-color:#000000\">Website<\/a><\/div>\n<\/div>\n<\/div>\n\n\n\n<div class=\"wp-block-column has-text-color has-background has-link-color wp-elements-c260ad09af54bbcc796c4604a7b84e3e is-layout-flow wp-block-column-is-layout-flow\" style=\"color:#000000;background-color:#d1d1e1;padding-top:2em;padding-right:2em;padding-bottom:2em;padding-left:2em\">\n<h2 class=\"wp-block-heading\" id=\"family\" style=\"font-size:clamp(24.034px, 1.502rem + ((1vw - 3.2px) * 1.663), 40px);\"><strong>MS Quellenstra\u00dfe<\/strong><\/h2>\n\n\n\n<p class=\"has-normal-font-size\" style=\"line-height:1.5\"><strong>Schulzentrum, Mittelschule<\/strong><br><br><br><\/p>\n\n\n\n<hr class=\"wp-block-separator has-css-opacity is-style-wide\"\/>\n\n\n\n<p style=\"font-size:clamp(14px, 0.875rem + ((1vw - 3.2px) * 0.208), 16px);\">Quellenstra\u00dfe 144<br>1100 Wien<\/p>\n\n\n\n<p style=\"font-size:clamp(14px, 0.875rem + ((1vw - 3.2px) * 0.208), 16px);\">SKZ: 910222<\/p>\n\n\n\n<div class=\"wp-block-buttons alignfull is-horizontal is-content-justification-center is-layout-flex wp-container-core-buttons-is-layout-03627597 wp-block-buttons-is-layout-flex\">\n<div class=\"wp-block-button has-custom-width wp-block-button__width-100 is-style-fill\"><a class=\"wp-block-button__link has-white-color has-text-color has-background no-border-radius wp-element-button\" href=\"https:\/\/nms-quellenstrasse144.schule.wien.at\/\" style=\"background-color:#000000\">Website<\/a><\/div>\n<\/div>\n<\/div>\n\n\n\n<div class=\"wp-block-column has-base-background-color has-text-color has-background has-link-color wp-elements-cbe6cd6aa7cb7fe5ff1a973935bfc5ef is-layout-flow wp-block-column-is-layout-flow\" style=\"color:#000000;padding-top:2em;padding-right:2em;padding-bottom:2em;padding-left:2em\">\n<h2 class=\"wp-block-heading\" id=\"patron\" style=\"font-size:clamp(24.034px, 1.502rem + ((1vw - 3.2px) * 1.663), 40px);\"><\/h2>\n\n\n\n<p class=\"has-normal-font-size\"><\/p>\n<\/div>\n<\/div>\n\n\n\n<div style=\"height:64px\" aria-hidden=\"true\" class=\"wp-block-spacer\"><\/div>\n\n\n\n<div style=\"height:25px\" aria-hidden=\"true\" class=\"wp-block-spacer\"><\/div>\n\n\n\n<h2 class=\"wp-block-heading has-text-align-center\">Unterst\u00fctzer*innen<\/h2>\n\n\n\n<div style=\"height:25px\" aria-hidden=\"true\" class=\"wp-block-spacer\"><\/div>\n\n\n\n<p class=\"has-text-align-center\"><strong><a href=\"https:\/\/www.ashoka.org\/de-at\/country\/austria\">Ashoka gemeinn\u00fctzige GmbH<\/a><\/strong><\/p>\n\n\n\n<p class=\"has-text-align-center\"><strong><a href=\"https:\/\/www.bildung-wien.gv.at\/\">Bildungsdirektion Wien<\/a><\/strong><\/p>\n\n\n\n<div style=\"height:30px\" aria-hidden=\"true\" class=\"wp-block-spacer\"><\/div>\n\n\n\n<h2 class=\"wp-block-heading has-text-align-center\">Ehemalige Mitarbeiter*innen<\/h2>\n\n\n\n<div style=\"height:30px\" aria-hidden=\"true\" class=\"wp-block-spacer\"><\/div>\n\n\n\n<ul class=\"wp-block-list\">\n<li>Bernd HESINA, PH Wien (01.09.2023 &#8211; 31.08.2024)<\/li>\n\n\n\n<li>Ulrich STRAND, GTVS Hahngasse (01.09.2023 &#8211; 31.08.2024)<\/li>\n<\/ul>\n\n\n\n<p><\/p>\n","protected":false},"excerpt":{"rendered":"<p>Konsortialpartner*innen Das Projekt \u00bbStAct\u00ab wird von den folgenden Projektpartner*innen umgesetzt: Mag. Dr. Reinhard Bauer, MA Projektleitung (Konsortialf\u00fchrung)PH Wien, Institut Sekundarstufe Berufsbildung Karoline Frank(geb. Dworschak), BEd MA MA P\u00e4dagogische MitarbeiterinPH Wien, Institut Weiterbildung Mag.a Dr.in Sabine Albert, BEd MA P\u00e4dagogischer MitarbeiterinPH Wien, Institut Sekundarstufe Berufsbildung Dipl.-P\u00e4d.in Mag.a Dr.inCharlotte Lang Wissenschaftliche MitarbeiterinPH Wien, Institut Sekundarstufe Berufsbildung Dipl.-P\u00e4d. [&hellip;]<\/p>\n","protected":false},"author":2,"featured_media":0,"parent":0,"menu_order":0,"comment_status":"closed","ping_status":"closed","template":"","meta":{"footnotes":""},"class_list":["post-52","page","type-page","status-publish","hentry"],"_links":{"self":[{"href":"https:\/\/stact.at\/index.php?rest_route=\/wp\/v2\/pages\/52","targetHints":{"allow":["GET"]}}],"collection":[{"href":"https:\/\/stact.at\/index.php?rest_route=\/wp\/v2\/pages"}],"about":[{"href":"https:\/\/stact.at\/index.php?rest_route=\/wp\/v2\/types\/page"}],"author":[{"embeddable":true,"href":"https:\/\/stact.at\/index.php?rest_route=\/wp\/v2\/users\/2"}],"replies":[{"embeddable":true,"href":"https:\/\/stact.at\/index.php?rest_route=%2Fwp%2Fv2%2Fcomments&post=52"}],"version-history":[{"count":25,"href":"https:\/\/stact.at\/index.php?rest_route=\/wp\/v2\/pages\/52\/revisions"}],"predecessor-version":[{"id":812,"href":"https:\/\/stact.at\/index.php?rest_route=\/wp\/v2\/pages\/52\/revisions\/812"}],"wp:attachment":[{"href":"https:\/\/stact.at\/index.php?rest_route=%2Fwp%2Fv2%2Fmedia&parent=52"}],"curies":[{"name":"wp","href":"https:\/\/api.w.org\/{rel}","templated":true}]}}