{"id":738,"date":"2025-05-25T14:22:23","date_gmt":"2025-05-25T12:22:23","guid":{"rendered":"https:\/\/stact.at\/?page_id=738"},"modified":"2025-05-25T15:22:02","modified_gmt":"2025-05-25T13:22:02","slug":"bildungseinrichtungen-und-ihre-projekte","status":"publish","type":"page","link":"https:\/\/stact.at\/?page_id=738","title":{"rendered":"Bildungseinrichtungen und ihre Projekte"},"content":{"rendered":"\n<div class=\"wp-block-group alignfull has-global-padding is-layout-constrained wp-container-core-group-is-layout-490fa1db wp-block-group-is-layout-constrained\" style=\"padding-top:var(--wp--preset--spacing--50);padding-right:var(--wp--preset--spacing--50);padding-bottom:var(--wp--preset--spacing--50);padding-left:var(--wp--preset--spacing--50)\">\n<div class=\"wp-block-group has-global-padding is-layout-constrained wp-container-core-group-is-layout-650790e1 wp-block-group-is-layout-constrained\">\n<h1 class=\"wp-block-heading has-text-align-center has-x-large-font-size\"><strong>Gef\u00f6rderte Projekte im \u00dcberblick<\/strong><\/h1>\n\n\n\n<div style=\"height:1.25rem\" aria-hidden=\"true\" class=\"wp-block-spacer\"><\/div>\n\n\n\n<p class=\"has-text-align-center\"><\/p>\n\n\n\n<p>Auf dieser Seite stellen wir die zehn Bildungseinrichtungen vor, die im Rahmen von <strong>StAct<\/strong> einen Kooperationszuschuss erhalten haben. Mit viel Engagement und Kreativit\u00e4t haben sie Projekte entwickelt, die sich mit zentralen StAct-Themen wie Nachhaltigkeit, sozialer Zusammenhalt, Digitalisierung und Zukunftsgestaltung auseinandersetzen.<\/p>\n\n\n\n<div style=\"height:25px\" aria-hidden=\"true\" class=\"wp-block-spacer\"><\/div>\n\n\n\n<p class=\"has-text-align-left\">Jedes dieser Projekte ist ein Beispiel daf\u00fcr, wie junge Menschen zum Denken, Forschen und Handeln ermutigt werden, unterst\u00fctzt von P\u00e4dagog*innen, die ihnen Raum und Vertrauen geben.<\/p>\n\n\n\n<div style=\"height:1.25rem\" aria-hidden=\"true\" class=\"wp-block-spacer\"><\/div>\n<\/div>\n\n\n\n<div style=\"height:var(--wp--preset--spacing--30)\" aria-hidden=\"true\" class=\"wp-block-spacer\"><\/div>\n\n\n\n<figure class=\"wp-block-image alignwide size-full is-style-rounded is-style-rounded--1\" style=\"margin-top:0;margin-right:0;margin-bottom:0;margin-left:0\"><img fetchpriority=\"high\" decoding=\"async\" width=\"1024\" height=\"683\" src=\"https:\/\/stact.at\/wp-content\/uploads\/2025\/05\/ChatGPT-Image-25.-Mai-2025-14_01_19-edited.png\" alt=\"\" class=\"wp-image-740\" srcset=\"https:\/\/stact.at\/wp-content\/uploads\/2025\/05\/ChatGPT-Image-25.-Mai-2025-14_01_19-edited.png 1024w, https:\/\/stact.at\/wp-content\/uploads\/2025\/05\/ChatGPT-Image-25.-Mai-2025-14_01_19-edited-300x200.png 300w, https:\/\/stact.at\/wp-content\/uploads\/2025\/05\/ChatGPT-Image-25.-Mai-2025-14_01_19-edited-768x512.png 768w\" sizes=\"(max-width: 1024px) 100vw, 1024px\" \/><figcaption class=\"wp-element-caption\">Bild erstellt mit Hilfe von DALL\u00b7E \/ OpenAI, generiert durch ChatGPT am 25. Mai 2025<\/figcaption><\/figure>\n<\/div>\n\n\n\n<div class=\"wp-block-group alignfull has-base-2-background-color has-background has-global-padding is-layout-constrained wp-container-core-group-is-layout-669513ed wp-block-group-is-layout-constrained\" style=\"margin-top:0;margin-bottom:0;padding-top:var(--wp--preset--spacing--50);padding-right:var(--wp--preset--spacing--50);padding-bottom:var(--wp--preset--spacing--50);padding-left:var(--wp--preset--spacing--50)\">\n<div class=\"wp-block-columns alignwide is-layout-flex wp-container-core-columns-is-layout-d0bbbce0 wp-block-columns-is-layout-flex\">\n<div class=\"wp-block-column is-layout-flow wp-container-core-column-is-layout-e3d1c41b wp-block-column-is-layout-flow\">\n<h3 class=\"wp-block-heading has-text-align-left is-style-asterisk has-body-font-family has-medium-font-size\" style=\"font-style:normal;font-weight:600\"><strong>Kindergarten Langenwang<br>8665 Langenwang<\/strong><\/h3>\n\n\n\n<p class=\"has-text-align-left\">Projekttitel: <em>&#8222;Seite an Seite &#8211; Die Welt mit B\u00fcchern verstehen&#8220;<\/em><\/p>\n<\/div>\n\n\n\n<div class=\"wp-block-column is-layout-flow wp-container-core-column-is-layout-e3d1c41b wp-block-column-is-layout-flow\">\n<h3 class=\"wp-block-heading has-text-align-left is-style-asterisk has-body-font-family has-medium-font-size\" style=\"font-style:normal;font-weight:600\"><strong>Mittelschule Reichenau<\/strong><br><strong>6020 Innsbruck<\/strong><\/h3>\n\n\n\n<p class=\"has-text-align-left\">Projekttitel: <em>&#8222;Future Skills: Digitale Kompetenzen fu\u0308r die Arbeitswelt von Morgen&#8220;<\/em><\/p>\n<\/div>\n\n\n\n<div class=\"wp-block-column is-layout-flow wp-container-core-column-is-layout-e3d1c41b wp-block-column-is-layout-flow\">\n<h3 class=\"wp-block-heading has-text-align-left is-style-asterisk has-body-font-family has-medium-font-size\" style=\"font-style:normal;font-weight:600\"><strong>Mittelschule Clemens Holzmeister Landeck<\/strong><br><strong>6500 Landeck<\/strong><\/h3>\n\n\n\n<p class=\"has-text-align-left\">Projekttitel: <em>&#8222;Digital Entrepreneuring mit Sphero Bolt \u2013 Innovation und<br>Verantwortung fu\u0308r die Zukunft&#8220;<\/em><\/p>\n\n\n\n<p class=\"has-text-align-left\"><\/p>\n<\/div>\n<\/div>\n\n\n\n<div style=\"height:var(--wp--preset--spacing--20)\" aria-hidden=\"true\" class=\"wp-block-spacer\"><\/div>\n\n\n\n<div class=\"wp-block-columns alignwide is-layout-flex wp-container-core-columns-is-layout-d0bbbce0 wp-block-columns-is-layout-flex\">\n<div class=\"wp-block-column is-layout-flow wp-container-core-column-is-layout-e3d1c41b wp-block-column-is-layout-flow\">\n<h3 class=\"wp-block-heading has-text-align-left is-style-asterisk has-body-font-family has-medium-font-size\" style=\"font-style:normal;font-weight:600\"><strong>Volksschule am Baumann-Park<\/strong><br><strong>1180 Wie<\/strong>n (Projekt 1)<\/h3>\n\n\n\n<p class=\"has-text-align-left\">Projekttitel: <em>&#8222;Digitale Lesef\u00f6rderung &#8211; Buchpr\u00e4sentationen mit digitalen Medien gestalten&#8220;<\/em><\/p>\n\n\n\n<p><\/p>\n\n\n\n<h3 class=\"wp-block-heading has-text-align-left is-style-asterisk has-body-font-family has-medium-font-size\" style=\"font-style:normal;font-weight:600\"><strong>Volksschule Asperner Heldenplatz<\/strong><br><strong>1220 Wien<\/strong> (Projekt 2)<\/h3>\n\n\n\n<p>Projekttitel: <em>&#8222;DigiFit: Gemeinsam digital forschen &#8211; Kinder entdecken die Welt der Technik&#8220;<\/em><\/p>\n\n\n\n<p><\/p>\n\n\n\n<h3 class=\"wp-block-heading has-text-align-left is-style-asterisk has-body-font-family has-medium-font-size\" style=\"font-style:normal;font-weight:600\"><strong>VS Wolkersdorf<br>2120 Wolkersdorf<\/strong><\/h3>\n\n\n\n<p><\/p>\n\n\n\n<p>Projekttitel: <em>&#8222;Vom Baustein zum Tablet &#8211; analog vor digital&#8220;<\/em><\/p>\n<\/div>\n\n\n\n<div class=\"wp-block-column is-layout-flow wp-container-core-column-is-layout-e3d1c41b wp-block-column-is-layout-flow\">\n<h3 class=\"wp-block-heading has-text-align-left is-style-asterisk has-body-font-family has-medium-font-size\" style=\"font-style:normal;font-weight:600\"><strong>Volksschule am Baumann-Park<\/strong><br><strong>1180 Wie<\/strong>n (Projekt 2)<\/h3>\n\n\n\n<p class=\"has-text-align-left\">Projekttitel: <em>&#8222;Digitale Selbstst\u00e4ndigkeit &#8211; F\u00f6rderung der Eigenverantwortung durch Tablets&#8220;<\/em><\/p>\n\n\n\n<p><\/p>\n\n\n\n<h3 class=\"wp-block-heading has-text-align-left is-style-asterisk has-body-font-family has-medium-font-size\" style=\"font-style:normal;font-weight:600\"><strong>Volksschule&nbsp;De La Salle W\u00e4hring<\/strong><br><strong>1180 Wien<\/strong> (Projekt 1)<\/h3>\n\n\n\n<p class=\"has-text-align-left\">Projekttitel: <em>&#8222;Interaktives Lernen mit Technik&#8220;<\/em><\/p>\n\n\n\n<p><\/p>\n<\/div>\n\n\n\n<div class=\"wp-block-column is-layout-flow wp-container-core-column-is-layout-e3d1c41b wp-block-column-is-layout-flow\">\n<h3 class=\"wp-block-heading has-text-align-left is-style-asterisk has-body-font-family has-medium-font-size\" style=\"font-style:normal;font-weight:600\"><strong>Volksschule Asperner Heldenplatz<\/strong><br><strong>1220 Wien<\/strong> (Projekt 1)<\/h3>\n\n\n\n<p class=\"has-text-align-left\">Projekttitel: <em>&#8222;Earthweek und Earthday &#8211; Nachhaltigkeit lernen &#8211; Zukunft gestalten&#8220;<\/em><\/p>\n\n\n\n<p><\/p>\n\n\n\n<h3 class=\"wp-block-heading has-text-align-left is-style-asterisk has-body-font-family has-medium-font-size\" style=\"font-style:normal;font-weight:600\"><strong>Volksschule&nbsp;De La Salle W\u00e4hring<\/strong><br><strong>1180 Wien<\/strong> (Projekt 2)<\/h3>\n\n\n\n<p>Projekttitel: <em>&#8222;Mit Gesundheit und Nachhaltigkeit in die Zukunft&#8220;<\/em><\/p>\n<\/div>\n<\/div>\n<\/div>\n\n\n\n<div class=\"wp-block-group alignfull has-base-color has-contrast-background-color has-text-color has-background has-global-padding is-layout-constrained wp-container-core-group-is-layout-ef3d885c wp-block-group-is-layout-constrained\" style=\"margin-top:0;margin-bottom:0;padding-top:var(--wp--preset--spacing--60);padding-right:var(--wp--preset--spacing--60);padding-bottom:var(--wp--preset--spacing--60);padding-left:var(--wp--preset--spacing--60)\">\n<div class=\"wp-block-group has-global-padding is-layout-constrained wp-block-group-is-layout-constrained\">\n<p class=\"has-text-align-center has-base-color has-text-color has-heading-font-family has-x-large-font-size\" style=\"line-height:1.2\"><em>\u201cDurch partizipative Forschung werden Lernende zu aktiven Gestalter*innen ihrer Bildung, indem ihre Stimmen geh\u00f6rt, gest\u00e4rkt und in den Mittelpunkt ihres Lernens gestellt werden.\u201d<\/em><\/p>\n\n\n\n<div style=\"height:var(--wp--preset--spacing--10)\" aria-hidden=\"true\" class=\"wp-block-spacer\"><\/div>\n\n\n\n<div class=\"wp-block-group is-vertical is-content-justification-center is-nowrap is-layout-flex wp-container-core-group-is-layout-2dc08cea wp-block-group-is-layout-flex\">\n<figure class=\"wp-block-image aligncenter size-thumbnail is-resized has-custom-border\"><img decoding=\"async\" width=\"150\" height=\"150\" src=\"https:\/\/stact.at\/wp-content\/uploads\/2025\/05\/rebauer-scaled-e1675441102466-1-768x993-1-150x150.jpeg\" alt=\"\" class=\"wp-image-747\" style=\"border-radius:100px;aspect-ratio:1;object-fit:cover;width:60px\"\/><\/figure>\n\n\n\n<p class=\"has-text-align-center\" style=\"margin-top:var(--wp--preset--spacing--10);margin-bottom:0\">Reinhard Bauer<\/p>\n\n\n\n<p class=\"has-text-align-center has-contrast-3-color has-text-color has-small-font-size\" style=\"font-style:normal;font-weight:300\">Projektkoordinator, StAct &#8211; Start and Act<\/p>\n<\/div>\n<\/div>\n<\/div>\n\n\n\n<p><\/p>\n","protected":false},"excerpt":{"rendered":"<p>Gef\u00f6rderte Projekte im \u00dcberblick Auf dieser Seite stellen wir die zehn Bildungseinrichtungen vor, die im Rahmen von StAct einen Kooperationszuschuss erhalten haben. Mit viel Engagement und Kreativit\u00e4t haben sie Projekte entwickelt, die sich mit zentralen StAct-Themen wie Nachhaltigkeit, sozialer Zusammenhalt, Digitalisierung und Zukunftsgestaltung auseinandersetzen. Jedes dieser Projekte ist ein Beispiel daf\u00fcr, wie junge Menschen zum [&hellip;]<\/p>\n","protected":false},"author":2,"featured_media":0,"parent":204,"menu_order":0,"comment_status":"closed","ping_status":"closed","template":"","meta":{"footnotes":""},"class_list":["post-738","page","type-page","status-publish","hentry"],"_links":{"self":[{"href":"https:\/\/stact.at\/index.php?rest_route=\/wp\/v2\/pages\/738","targetHints":{"allow":["GET"]}}],"collection":[{"href":"https:\/\/stact.at\/index.php?rest_route=\/wp\/v2\/pages"}],"about":[{"href":"https:\/\/stact.at\/index.php?rest_route=\/wp\/v2\/types\/page"}],"author":[{"embeddable":true,"href":"https:\/\/stact.at\/index.php?rest_route=\/wp\/v2\/users\/2"}],"replies":[{"embeddable":true,"href":"https:\/\/stact.at\/index.php?rest_route=%2Fwp%2Fv2%2Fcomments&post=738"}],"version-history":[{"count":4,"href":"https:\/\/stact.at\/index.php?rest_route=\/wp\/v2\/pages\/738\/revisions"}],"predecessor-version":[{"id":748,"href":"https:\/\/stact.at\/index.php?rest_route=\/wp\/v2\/pages\/738\/revisions\/748"}],"up":[{"embeddable":true,"href":"https:\/\/stact.at\/index.php?rest_route=\/wp\/v2\/pages\/204"}],"wp:attachment":[{"href":"https:\/\/stact.at\/index.php?rest_route=%2Fwp%2Fv2%2Fmedia&parent=738"}],"curies":[{"name":"wp","href":"https:\/\/api.w.org\/{rel}","templated":true}]}}